{"id":211,"date":"2024-06-14T10:33:45","date_gmt":"2024-06-14T08:33:45","guid":{"rendered":"https:\/\/makomvan.hu\/ikonik-spa\/?page_id=211"},"modified":"2025-03-08T09:52:44","modified_gmt":"2025-03-08T08:52:44","slug":"fitness","status":"publish","type":"page","link":"https:\/\/ikonikspapanzio.hu\/hu\/fitness\/","title":{"rendered":"Fitness"},"content":{"rendered":"\t\t<div data-elementor-type=\"wp-page\" data-elementor-id=\"211\" class=\"elementor elementor-211\" data-elementor-post-type=\"page\">\n\t\t\t\t<div class=\"elementor-element elementor-element-5800024 e-flex e-con-boxed e-con e-parent\" data-id=\"5800024\" data-element_type=\"container\" data-settings=\"{&quot;jet_parallax_layout_list&quot;:[]}\">\n\t\t\t\t\t<div class=\"e-con-inner\">\n\t\t\t\t<div class=\"elementor-element elementor-element-fa39b58 elementor-widget elementor-widget-heading\" data-id=\"fa39b58\" data-element_type=\"widget\" data-widget_type=\"heading.default\">\n\t\t\t\t<div class=\"elementor-widget-container\">\n\t\t\t<style>\/*! elementor - v3.23.0 - 05-08-2024 *\/\n.elementor-heading-title{padding:0;margin:0;line-height:1}.elementor-widget-heading .elementor-heading-title[class*=elementor-size-]>a{color:inherit;font-size:inherit;line-height:inherit}.elementor-widget-heading .elementor-heading-title.elementor-size-small{font-size:15px}.elementor-widget-heading .elementor-heading-title.elementor-size-medium{font-size:19px}.elementor-widget-heading .elementor-heading-title.elementor-size-large{font-size:29px}.elementor-widget-heading .elementor-heading-title.elementor-size-xl{font-size:39px}.elementor-widget-heading .elementor-heading-title.elementor-size-xxl{font-size:59px}<\/style><h2 class=\"elementor-heading-title elementor-size-default\">FITNESZ \u2013 \u00c9p testben \u00e9p l\u00e9lek<\/h2>\t\t<\/div>\n\t\t\t\t<\/div>\n\t\t\t\t<div class=\"elementor-element elementor-element-a910a17 elementor-widget elementor-widget-text-editor\" data-id=\"a910a17\" data-element_type=\"widget\" data-widget_type=\"text-editor.default\">\n\t\t\t\t<div class=\"elementor-widget-container\">\n\t\t\t<style>\/*! elementor - v3.23.0 - 05-08-2024 *\/\n.elementor-widget-text-editor.elementor-drop-cap-view-stacked .elementor-drop-cap{background-color:#69727d;color:#fff}.elementor-widget-text-editor.elementor-drop-cap-view-framed .elementor-drop-cap{color:#69727d;border:3px solid;background-color:transparent}.elementor-widget-text-editor:not(.elementor-drop-cap-view-default) .elementor-drop-cap{margin-top:8px}.elementor-widget-text-editor:not(.elementor-drop-cap-view-default) .elementor-drop-cap-letter{width:1em;height:1em}.elementor-widget-text-editor .elementor-drop-cap{float:left;text-align:center;line-height:1;font-size:50px}.elementor-widget-text-editor .elementor-drop-cap-letter{display:inline-block}<\/style>\t\t\t\t<p>Az Ikonik Spa &amp; Hotel vil\u00e1gos \u00e9s leveg\u0151s fitneszterm\u00e9ben a legmodernebb g\u00e9pek v\u00e1rj\u00e1k a vend\u00e9geket. A nagy t\u00e9rben az volt a c\u00e9lunk, hogy komplex sportol\u00e1si lehet\u0151s\u00e9get biztos\u00edtsunk mindenkinek, ez\u00e9rt figyelt\u00fcnk az itt tal\u00e1lhat\u00f3 eszk\u00f6z\u00f6k soksz\u00edn\u0171s\u00e9g\u00e9re: kardi\u00f3 mozg\u00e1shoz egy fut\u00f3pad, egy elliptikus tr\u00e9ner, egy l\u00e9pcs\u0151z\u0151g\u00e9p, egy evez\u0151g\u00e9p \u00e9s egy szobaker\u00e9kp\u00e1r \u00e1ll rendelkez\u00e9sre k\u00fcl\u00f6nf\u00e9le edz\u00e9sprogramokhoz. Ezeken k\u00edv\u00fcl Hoist gy\u00e1rtm\u00e1ny\u00fa csig\u00e1s torony, fekvenyom\u00f3pad, haspad, guggol\u00f3- h\u00faz\u00f3dzkod\u00f3- \u00e9s tol\u00f3zkod\u00f3 \u00e1llv\u00e1ny, Scott-pad, valamint egy -\u00e9s k\u00e9tkezes s\u00falyz\u00f3k nagy v\u00e1laszt\u00e9ka is megtal\u00e1lhat\u00f3 itt. A g\u00e9peken a monitorok, illetve a falra szerelt tv-k\u00e9sz\u00fcl\u00e9kek seg\u00edtik, hogy edz\u00e9s k\u00f6zben se unatkozzanak a vend\u00e9geink.<\/p><p>A fitneszteremben rendelkez\u00e9sre \u00e1ll\u00f3 eszk\u00f6z\u00f6k t\u00edpusai:<\/p><ul><li>Matrix &#8211; fut\u00f3pad<\/li><li>Matrix &#8211; elliptikus tr\u00e9ner<\/li><li>Matrix &#8211; szobabicikli<\/li><li>Matrix- l\u00e9pcs\u0151z\u0151g\u00e9p<\/li><li>Evez\u0151g\u00e9p<\/li><\/ul><p>A fitnesz terem t\u00e9r\u00edt\u00e9smentesen \u00e1ll a sz\u00e1ll\u00f3vend\u00e9gek rendelkez\u00e9s\u00e9re.\u00a0<\/p>\t\t\t\t\t\t<\/div>\n\t\t\t\t<\/div>\n\t\t\t\t<div class=\"elementor-element elementor-element-9ed9418 elementor-widget__width-initial elementor-arrows-position-inside elementor-pagination-position-outside elementor-widget elementor-widget-image-carousel\" data-id=\"9ed9418\" data-element_type=\"widget\" data-settings=\"{&quot;slides_to_show&quot;:&quot;1&quot;,&quot;navigation&quot;:&quot;both&quot;,&quot;autoplay&quot;:&quot;yes&quot;,&quot;pause_on_hover&quot;:&quot;yes&quot;,&quot;pause_on_interaction&quot;:&quot;yes&quot;,&quot;autoplay_speed&quot;:5000,&quot;infinite&quot;:&quot;yes&quot;,&quot;effect&quot;:&quot;slide&quot;,&quot;speed&quot;:500}\" data-widget_type=\"image-carousel.default\">\n\t\t\t\t<div class=\"elementor-widget-container\">\n\t\t\t<style>\/*! elementor - v3.23.0 - 05-08-2024 *\/\n.elementor-widget-image-carousel .swiper,.elementor-widget-image-carousel .swiper-container{position:static}.elementor-widget-image-carousel .swiper-container .swiper-slide figure,.elementor-widget-image-carousel .swiper .swiper-slide figure{line-height:inherit}.elementor-widget-image-carousel .swiper-slide{text-align:center}.elementor-image-carousel-wrapper:not(.swiper-container-initialized):not(.swiper-initialized) .swiper-slide{max-width:calc(100% \/ var(--e-image-carousel-slides-to-show, 3))}<\/style>\t\t<div class=\"elementor-image-carousel-wrapper swiper\" dir=\"ltr\">\n\t\t\t<div class=\"elementor-image-carousel swiper-wrapper\" aria-live=\"off\">\n\t\t\t\t\t\t\t\t<div class=\"swiper-slide\" role=\"group\" aria-roledescription=\"slide\" aria-label=\"1 \/ 4\"><a data-elementor-open-lightbox=\"yes\" data-elementor-lightbox-slideshow=\"9ed9418\" data-elementor-lightbox-title=\"Edz\u0151terem\" data-e-action-hash=\"#elementor-action%3Aaction%3Dlightbox%26settings%3DeyJpZCI6MTc3LCJ1cmwiOiJodHRwczpcL1wvaWtvbmlrc3BhcGFuemlvLmh1XC93cC1jb250ZW50XC91cGxvYWRzXC8yMDI0XC8wNlwvSWtvbmlrXzExLXNjYWxlZC5qcGVnIiwic2xpZGVzaG93IjoiOWVkOTQxOCJ9\" href=\"https:\/\/ikonikspapanzio.hu\/wp-content\/uploads\/2024\/06\/Ikonik_11-scaled.jpeg\"><figure class=\"swiper-slide-inner\"><img decoding=\"async\" class=\"swiper-slide-image\" src=\"https:\/\/ikonikspapanzio.hu\/wp-content\/uploads\/2024\/06\/Ikonik_11-768x512.jpeg\" alt=\"Edz\u0151terem\" \/><\/figure><\/a><\/div><div class=\"swiper-slide\" role=\"group\" aria-roledescription=\"slide\" aria-label=\"2 \/ 4\"><a data-elementor-open-lightbox=\"yes\" data-elementor-lightbox-slideshow=\"9ed9418\" data-elementor-lightbox-title=\"Edz\u0151terem\" data-e-action-hash=\"#elementor-action%3Aaction%3Dlightbox%26settings%3DeyJpZCI6MTc4LCJ1cmwiOiJodHRwczpcL1wvaWtvbmlrc3BhcGFuemlvLmh1XC93cC1jb250ZW50XC91cGxvYWRzXC8yMDI0XC8wNlwvSWtvbmlrXzEyLXNjYWxlZC5qcGVnIiwic2xpZGVzaG93IjoiOWVkOTQxOCJ9\" href=\"https:\/\/ikonikspapanzio.hu\/wp-content\/uploads\/2024\/06\/Ikonik_12-scaled.jpeg\"><figure class=\"swiper-slide-inner\"><img decoding=\"async\" class=\"swiper-slide-image\" src=\"https:\/\/ikonikspapanzio.hu\/wp-content\/uploads\/2024\/06\/Ikonik_12-768x512.jpeg\" alt=\"Edz\u0151terem\" \/><\/figure><\/a><\/div><div class=\"swiper-slide\" role=\"group\" aria-roledescription=\"slide\" aria-label=\"3 \/ 4\"><a data-elementor-open-lightbox=\"yes\" data-elementor-lightbox-slideshow=\"9ed9418\" data-elementor-lightbox-title=\"Edz\u0151terem\" data-e-action-hash=\"#elementor-action%3Aaction%3Dlightbox%26settings%3DeyJpZCI6NjM5LCJ1cmwiOiJodHRwczpcL1wvaWtvbmlrc3BhcGFuemlvLmh1XC93cC1jb250ZW50XC91cGxvYWRzXC8yMDI0XC8wNlwvRWR6b3RlcmVtLTItc2NhbGVkLmpwZyIsInNsaWRlc2hvdyI6IjllZDk0MTgifQ%3D%3D\" href=\"https:\/\/ikonikspapanzio.hu\/wp-content\/uploads\/2024\/06\/Edzoterem-2-scaled.jpg\"><figure class=\"swiper-slide-inner\"><img decoding=\"async\" class=\"swiper-slide-image\" src=\"https:\/\/ikonikspapanzio.hu\/wp-content\/uploads\/2024\/06\/Edzoterem-2-768x512.jpg\" alt=\"Edz\u0151terem\" \/><\/figure><\/a><\/div><div class=\"swiper-slide\" role=\"group\" aria-roledescription=\"slide\" aria-label=\"4 \/ 4\"><a data-elementor-open-lightbox=\"yes\" data-elementor-lightbox-slideshow=\"9ed9418\" data-elementor-lightbox-title=\"Edz\u0151terem\" data-e-action-hash=\"#elementor-action%3Aaction%3Dlightbox%26settings%3DeyJpZCI6NjQwLCJ1cmwiOiJodHRwczpcL1wvaWtvbmlrc3BhcGFuemlvLmh1XC93cC1jb250ZW50XC91cGxvYWRzXC8yMDI0XC8wNlwvRWR6b3RlcmVtLTEtc2NhbGVkLmpwZyIsInNsaWRlc2hvdyI6IjllZDk0MTgifQ%3D%3D\" href=\"https:\/\/ikonikspapanzio.hu\/wp-content\/uploads\/2024\/06\/Edzoterem-1-scaled.jpg\"><figure class=\"swiper-slide-inner\"><img decoding=\"async\" class=\"swiper-slide-image\" src=\"https:\/\/ikonikspapanzio.hu\/wp-content\/uploads\/2024\/06\/Edzoterem-1-768x480.jpg\" alt=\"Edz\u0151terem\" \/><\/figure><\/a><\/div>\t\t\t<\/div>\n\t\t\t\t\t\t\t\t\t\t\t\t<div class=\"elementor-swiper-button elementor-swiper-button-prev\" role=\"button\" tabindex=\"0\">\n\t\t\t\t\t\t<svg aria-hidden=\"true\" class=\"e-font-icon-svg e-eicon-chevron-left\" viewBox=\"0 0 1000 1000\" xmlns=\"http:\/\/www.w3.org\/2000\/svg\"><path d=\"M646 125C629 125 613 133 604 142L308 442C296 454 292 471 292 487 292 504 296 521 308 533L604 854C617 867 629 875 646 875 663 875 679 871 692 858 704 846 713 829 713 812 713 796 708 779 692 767L438 487 692 225C700 217 708 204 708 187 708 171 704 154 692 142 675 129 663 125 646 125Z\"><\/path><\/svg>\t\t\t\t\t<\/div>\n\t\t\t\t\t<div class=\"elementor-swiper-button elementor-swiper-button-next\" role=\"button\" tabindex=\"0\">\n\t\t\t\t\t\t<svg aria-hidden=\"true\" class=\"e-font-icon-svg e-eicon-chevron-right\" viewBox=\"0 0 1000 1000\" xmlns=\"http:\/\/www.w3.org\/2000\/svg\"><path d=\"M696 533C708 521 713 504 713 487 713 471 708 454 696 446L400 146C388 133 375 125 354 125 338 125 325 129 313 142 300 154 292 171 292 187 292 204 296 221 308 233L563 492 304 771C292 783 288 800 288 817 288 833 296 850 308 863 321 871 338 875 354 875 371 875 388 867 400 854L696 533Z\"><\/path><\/svg>\t\t\t\t\t<\/div>\n\t\t\t\t\n\t\t\t\t\t\t\t\t\t<div class=\"swiper-pagination\"><\/div>\n\t\t\t\t\t\t\t\t\t<\/div>\n\t\t\t\t<\/div>\n\t\t\t\t<\/div>\n\t\t\t\t\t<\/div>\n\t\t\t\t<\/div>\n\t\t\t\t<\/div>\n\t\t","protected":false},"excerpt":{"rendered":"<p>FITNESZ \u2013 \u00c9p testben \u00e9p l\u00e9lek Az Ikonik Spa &amp; Hotel vil\u00e1gos \u00e9s leveg\u0151s fitneszterm\u00e9ben a legmodernebb g\u00e9pek v\u00e1rj\u00e1k a vend\u00e9geket. A nagy t\u00e9rben az volt a c\u00e9lunk, hogy komplex sportol\u00e1si lehet\u0151s\u00e9get biztos\u00edtsunk mindenkinek, ez\u00e9rt figyelt\u00fcnk az itt tal\u00e1lhat\u00f3 eszk\u00f6z\u00f6k soksz\u00edn\u0171s\u00e9g\u00e9re: kardi\u00f3 mozg\u00e1shoz egy fut\u00f3pad, egy elliptikus tr\u00e9ner, egy l\u00e9pcs\u0151z\u0151g\u00e9p, egy evez\u0151g\u00e9p \u00e9s egy szobaker\u00e9kp\u00e1r [&hellip;]<\/p>\n","protected":false},"author":1,"featured_media":0,"parent":0,"menu_order":0,"comment_status":"closed","ping_status":"closed","template":"","meta":{"footnotes":""},"class_list":["post-211","page","type-page","status-publish","hentry"],"_links":{"self":[{"href":"https:\/\/ikonikspapanzio.hu\/hu\/wp-json\/wp\/v2\/pages\/211","targetHints":{"allow":["GET"]}}],"collection":[{"href":"https:\/\/ikonikspapanzio.hu\/hu\/wp-json\/wp\/v2\/pages"}],"about":[{"href":"https:\/\/ikonikspapanzio.hu\/hu\/wp-json\/wp\/v2\/types\/page"}],"author":[{"embeddable":true,"href":"https:\/\/ikonikspapanzio.hu\/hu\/wp-json\/wp\/v2\/users\/1"}],"replies":[{"embeddable":true,"href":"https:\/\/ikonikspapanzio.hu\/hu\/wp-json\/wp\/v2\/comments?post=211"}],"version-history":[{"count":40,"href":"https:\/\/ikonikspapanzio.hu\/hu\/wp-json\/wp\/v2\/pages\/211\/revisions"}],"predecessor-version":[{"id":1465,"href":"https:\/\/ikonikspapanzio.hu\/hu\/wp-json\/wp\/v2\/pages\/211\/revisions\/1465"}],"wp:attachment":[{"href":"https:\/\/ikonikspapanzio.hu\/hu\/wp-json\/wp\/v2\/media?parent=211"}],"curies":[{"name":"wp","href":"https:\/\/api.w.org\/{rel}","templated":true}]}}