{"id":1137,"date":"2024-06-14T14:12:38","date_gmt":"2024-06-14T12:12:38","guid":{"rendered":"https:\/\/ikonikspapanzio.hu\/contact\/"},"modified":"2024-06-27T20:42:52","modified_gmt":"2024-06-27T18:42:52","slug":"contact","status":"publish","type":"page","link":"https:\/\/ikonikspapanzio.hu\/en\/contact\/","title":{"rendered":"Contact"},"content":{"rendered":"\t\t<div data-elementor-type=\"wp-page\" data-elementor-id=\"1137\" class=\"elementor elementor-1137 elementor-321\" data-elementor-post-type=\"page\">\n\t\t\t\t<div class=\"elementor-element elementor-element-e96a2ba e-flex e-con-boxed e-con e-parent\" data-id=\"e96a2ba\" data-element_type=\"container\" data-settings=\"{&quot;jet_parallax_layout_list&quot;:[]}\">\n\t\t\t\t\t<div class=\"e-con-inner\">\n\t\t\t\t<div class=\"elementor-element elementor-element-6c2bff7 elementor-widget elementor-widget-heading\" data-id=\"6c2bff7\" data-element_type=\"widget\" data-widget_type=\"heading.default\">\n\t\t\t\t<div class=\"elementor-widget-container\">\n\t\t\t<style>\/*! elementor - v3.23.0 - 05-08-2024 *\/\n.elementor-heading-title{padding:0;margin:0;line-height:1}.elementor-widget-heading .elementor-heading-title[class*=elementor-size-]>a{color:inherit;font-size:inherit;line-height:inherit}.elementor-widget-heading .elementor-heading-title.elementor-size-small{font-size:15px}.elementor-widget-heading .elementor-heading-title.elementor-size-medium{font-size:19px}.elementor-widget-heading .elementor-heading-title.elementor-size-large{font-size:29px}.elementor-widget-heading .elementor-heading-title.elementor-size-xl{font-size:39px}.elementor-widget-heading .elementor-heading-title.elementor-size-xxl{font-size:59px}<\/style><h2 class=\"elementor-heading-title elementor-size-default\">Our contacts<\/h2>\t\t<\/div>\n\t\t\t\t<\/div>\n\t\t\t\t<div class=\"elementor-element elementor-element-74fb7be elementor-widget elementor-widget-text-editor\" data-id=\"74fb7be\" data-element_type=\"widget\" data-widget_type=\"text-editor.default\">\n\t\t\t\t<div class=\"elementor-widget-container\">\n\t\t\t<style>\/*! elementor - v3.23.0 - 05-08-2024 *\/\n.elementor-widget-text-editor.elementor-drop-cap-view-stacked .elementor-drop-cap{background-color:#69727d;color:#fff}.elementor-widget-text-editor.elementor-drop-cap-view-framed .elementor-drop-cap{color:#69727d;border:3px solid;background-color:transparent}.elementor-widget-text-editor:not(.elementor-drop-cap-view-default) .elementor-drop-cap{margin-top:8px}.elementor-widget-text-editor:not(.elementor-drop-cap-view-default) .elementor-drop-cap-letter{width:1em;height:1em}.elementor-widget-text-editor .elementor-drop-cap{float:left;text-align:center;line-height:1;font-size:50px}.elementor-widget-text-editor .elementor-drop-cap-letter{display:inline-block}<\/style>\t\t\t\t<p>Phone: +36 42 782 542<\/p>\n<p>E-mail: info@ikonikspapanzio.hu<\/p>\n<p>Our address: <br \/>4400 Ny\u00edregyh\u00e1za, De\u00e1k Ferenc \u00fat 10-12.<\/p>\n\t\t\t\t\t\t<\/div>\n\t\t\t\t<\/div>\n\t\t\t\t<div class=\"elementor-element elementor-element-ae591d8 elementor-widget elementor-widget-google_maps\" data-id=\"ae591d8\" data-element_type=\"widget\" data-widget_type=\"google_maps.default\">\n\t\t\t\t<div class=\"elementor-widget-container\">\n\t\t\t<style>\/*! elementor - v3.23.0 - 05-08-2024 *\/\n.elementor-widget-google_maps .elementor-widget-container{overflow:hidden}.elementor-widget-google_maps .elementor-custom-embed{line-height:0}.elementor-widget-google_maps iframe{height:300px}<\/style>\t\t<div class=\"elementor-custom-embed\">\n\t\t\t<iframe loading=\"lazy\"\n\t\t\t\t\tsrc=\"https:\/\/maps.google.com\/maps?q=Ikonik%20Spa%20Panzi%C3%B3&#038;t=m&#038;z=13&#038;output=embed&#038;iwloc=near\"\n\t\t\t\t\ttitle=\"Ikonik Spa Panzi\u00f3\"\n\t\t\t\t\taria-label=\"Ikonik Spa Panzi\u00f3\"\n\t\t\t><\/iframe>\n\t\t<\/div>\n\t\t\t\t<\/div>\n\t\t\t\t<\/div>\n\t\t\t\t<div class=\"elementor-element elementor-element-2265142 elementor-widget elementor-widget-facebook-page\" data-id=\"2265142\" data-element_type=\"widget\" data-widget_type=\"facebook-page.default\">\n\t\t\t\t<div class=\"elementor-widget-container\">\n\t\t\t<style>\/*! elementor-pro - v3.23.0 - 05-08-2024 *\/\n.elementor-facebook-widget.fb_iframe_widget,.elementor-facebook-widget.fb_iframe_widget span{width:100%!important}.elementor-facebook-widget.fb_iframe_widget iframe{position:relative;width:100%!important}.elementor-facebook-widget.fb-like{height:1px}.elementor-widget-facebook-comments iframe{width:100%!important}<\/style><div class=\"elementor-facebook-widget fb-page\" data-href=\"https:\/\/www.facebook.com\/profile.php?id=100089605706008\" data-tabs=\"\" data-height=\"150px\" data-width=\"500px\" data-small-header=\"false\" data-hide-cover=\"false\" data-show-facepile=\"true\" data-hide-cta=\"false\" style=\"min-height: 1px;height:150px\"><\/div>\t\t<\/div>\n\t\t\t\t<\/div>\n\t\t\t\t<div class=\"elementor-element elementor-element-f4d68a7 elementor-widget elementor-widget-heading\" data-id=\"f4d68a7\" data-element_type=\"widget\" data-widget_type=\"heading.default\">\n\t\t\t\t<div class=\"elementor-widget-container\">\n\t\t\t<h2 class=\"elementor-heading-title elementor-size-default\">Message us!<\/h2>\t\t<\/div>\n\t\t\t\t<\/div>\n\t\t\t\t<div class=\"elementor-element elementor-element-b3cb75a elementor-widget elementor-widget-content_form_contact\" data-id=\"b3cb75a\" data-element_type=\"widget\" data-widget_type=\"content_form_contact.default\">\n\t\t\t\t<div class=\"elementor-widget-container\">\n\t\t\t<form action=\"https:\/\/ikonikspapanzio.hu\/wp-admin\/admin-post.php\" method=\"post\" name=\"content-form-b3cb75a\" id=\"content-form-b3cb75a\" class=\"ti-cf-module content-form content-form-contact content_form_contact\"><input type=\"hidden\" id=\"_wpnonce_contact\" name=\"_wpnonce_contact\" value=\"54014a1008\" \/><input type=\"hidden\" name=\"_wp_http_referer\" value=\"\/en\/wp-json\/wp\/v2\/pages\/1137\" \/><input type=\"hidden\" name=\"action\" value=\"content_form_submit\" \/><input type=\"hidden\" name=\"form-type\" value=\"contact\" \/><input type=\"hidden\" name=\"form-builder\" value=\"elementor\" \/><input type=\"hidden\" name=\"post-id\" value=\"1137\" \/><input type=\"hidden\" name=\"form-id\" value=\"b3cb75a\" \/><fieldset class=\"content-form-field-text elementor-column elementor-col-100\"><label for=\"data[b3cb75a][name]\" >N\u00e9v:<span class=\"required-mark\"> *<\/span><\/label><input type=\"text\" name=\"data[b3cb75a][name]\" id=\"data[b3cb75a][name]\" required=\"required\"  placeholder=\"\"><\/fieldset><fieldset class=\"content-form-field-email elementor-column elementor-col-100\"><label for=\"data[b3cb75a][email]\" >Email:<span class=\"required-mark\"> *<\/span><\/label><input type=\"text\" name=\"data[b3cb75a][email]\" id=\"data[b3cb75a][email]\" required=\"required\"  placeholder=\"\"><\/fieldset><fieldset class=\"content-form-field-text elementor-column elementor-col-100\"><label for=\"data[b3cb75a][phone]\" >Telefon:<span class=\"required-mark\"> *<\/span><\/label><input type=\"text\" name=\"data[b3cb75a][phone]\" id=\"data[b3cb75a][phone]\" required=\"required\"  placeholder=\"\"><\/fieldset><fieldset class=\"content-form-field-textarea elementor-column elementor-col-100\"><label for=\"data[b3cb75a][message]\" >\u00dczenet:<span class=\"required-mark\"> *<\/span><\/label><textarea name=\"data[b3cb75a][message]\" id=\"data[b3cb75a][message]\"  required=\"required\" placeholder=\"\" cols=\"30\" rows=\"5\"><\/textarea><\/fieldset><fieldset class=\"submit-form contact\"><button type=\"submit\" name=\"submit\"  value=\"submit-contact-b3cb75a\" class=\"\">K\u00fcld\u00e9s<\/button><\/fieldset><\/form>\t\t<\/div>\n\t\t\t\t<\/div>\n\t\t\t\t\t<\/div>\n\t\t\t\t<\/div>\n\t\t\t\t<\/div>\n\t\t","protected":false},"excerpt":{"rendered":"<p>Our contacts Phone: +36 42 782 542 E-mail: info@ikonikspapanzio.hu Our address: 4400 Ny\u00edregyh\u00e1za, De\u00e1k Ferenc \u00fat 10-12. Message us! N\u00e9v: * Email: * Telefon: * \u00dczenet: * K\u00fcld\u00e9s<\/p>\n","protected":false},"author":1,"featured_media":0,"parent":0,"menu_order":0,"comment_status":"closed","ping_status":"closed","template":"","meta":{"footnotes":""},"class_list":["post-1137","page","type-page","status-publish","hentry"],"_links":{"self":[{"href":"https:\/\/ikonikspapanzio.hu\/en\/wp-json\/wp\/v2\/pages\/1137","targetHints":{"allow":["GET"]}}],"collection":[{"href":"https:\/\/ikonikspapanzio.hu\/en\/wp-json\/wp\/v2\/pages"}],"about":[{"href":"https:\/\/ikonikspapanzio.hu\/en\/wp-json\/wp\/v2\/types\/page"}],"author":[{"embeddable":true,"href":"https:\/\/ikonikspapanzio.hu\/en\/wp-json\/wp\/v2\/users\/1"}],"replies":[{"embeddable":true,"href":"https:\/\/ikonikspapanzio.hu\/en\/wp-json\/wp\/v2\/comments?post=1137"}],"version-history":[{"count":1,"href":"https:\/\/ikonikspapanzio.hu\/en\/wp-json\/wp\/v2\/pages\/1137\/revisions"}],"predecessor-version":[{"id":1138,"href":"https:\/\/ikonikspapanzio.hu\/en\/wp-json\/wp\/v2\/pages\/1137\/revisions\/1138"}],"wp:attachment":[{"href":"https:\/\/ikonikspapanzio.hu\/en\/wp-json\/wp\/v2\/media?parent=1137"}],"curies":[{"name":"wp","href":"https:\/\/api.w.org\/{rel}","templated":true}]}}