{"id":1062,"date":"2024-06-14T09:55:19","date_gmt":"2024-06-14T07:55:19","guid":{"rendered":"https:\/\/makomvan.hu\/ikonik-spa\/about-the-pension\/"},"modified":"2024-07-03T15:04:27","modified_gmt":"2024-07-03T13:04:27","slug":"about-the-pension","status":"publish","type":"page","link":"https:\/\/ikonikspapanzio.hu\/en\/about-the-pension\/","title":{"rendered":"About the pension"},"content":{"rendered":"\t\t<div data-elementor-type=\"wp-page\" data-elementor-id=\"1062\" class=\"elementor elementor-1062 elementor-129\" data-elementor-post-type=\"page\">\n\t\t\t\t<div class=\"elementor-element elementor-element-9026678 e-flex e-con-boxed e-con e-parent\" data-id=\"9026678\" data-element_type=\"container\" data-settings=\"{&quot;jet_parallax_layout_list&quot;:[]}\">\n\t\t\t\t\t<div class=\"e-con-inner\">\n\t\t<div class=\"elementor-element elementor-element-a9cf950 e-con-full e-flex e-con e-child\" data-id=\"a9cf950\" data-element_type=\"container\" data-settings=\"{&quot;jet_parallax_layout_list&quot;:[]}\">\n\t\t\t\t<div class=\"elementor-element elementor-element-b6c8b29 elementor-widget elementor-widget-image\" data-id=\"b6c8b29\" data-element_type=\"widget\" data-widget_type=\"image.default\">\n\t\t\t\t<div class=\"elementor-widget-container\">\n\t\t\t<style>\/*! elementor - v3.23.0 - 05-08-2024 *\/\n.elementor-widget-image{text-align:center}.elementor-widget-image a{display:inline-block}.elementor-widget-image a img[src$=\".svg\"]{width:48px}.elementor-widget-image img{vertical-align:middle;display:inline-block}<\/style>\t\t\t\t\t\t\t\t\t\t<img decoding=\"async\" src=\"https:\/\/ikonikspapanzio.hu\/wp-content\/uploads\/elementor\/thumbs\/Ikonik_logok_v01-qpqk5x2xhyg13uxtcupsokk0z0e5q8hefzevnqwz5s.png\" title=\"Ikonik_logok_v01\" alt=\"Ikonik_logok_v01\" loading=\"lazy\" \/>\t\t\t\t\t\t\t\t\t\t\t\t\t<\/div>\n\t\t\t\t<\/div>\n\t\t\t\t<\/div>\n\t\t<div class=\"elementor-element elementor-element-b8cce0c e-con-full e-flex e-con e-child\" data-id=\"b8cce0c\" data-element_type=\"container\" data-settings=\"{&quot;jet_parallax_layout_list&quot;:[]}\">\n\t\t\t\t<div class=\"elementor-element elementor-element-7484e562 elementor-widget elementor-widget-text-editor\" data-id=\"7484e562\" data-element_type=\"widget\" data-widget_type=\"text-editor.default\">\n\t\t\t\t<div class=\"elementor-widget-container\">\n\t\t\t<style>\/*! elementor - v3.23.0 - 05-08-2024 *\/\n.elementor-widget-text-editor.elementor-drop-cap-view-stacked .elementor-drop-cap{background-color:#69727d;color:#fff}.elementor-widget-text-editor.elementor-drop-cap-view-framed .elementor-drop-cap{color:#69727d;border:3px solid;background-color:transparent}.elementor-widget-text-editor:not(.elementor-drop-cap-view-default) .elementor-drop-cap{margin-top:8px}.elementor-widget-text-editor:not(.elementor-drop-cap-view-default) .elementor-drop-cap-letter{width:1em;height:1em}.elementor-widget-text-editor .elementor-drop-cap{float:left;text-align:center;line-height:1;font-size:50px}.elementor-widget-text-editor .elementor-drop-cap-letter{display:inline-block}<\/style>\t\t\t\t\n<p>Traveling, getting to know new or unknown places and the people who live there is a very characteristic feature of human nature. The Ikonik Spa &amp; Guesthouse helps visitors feel safe and comfortable when they arrive at the seat of Szabolcs-Szatm\u00e1r-Bereg V\u00e1rmegye.<\/p>\n\n<p>The guesthouse got its name from the icon found in the ground at the beginning of the construction work. The simple, classically designed building is located extremely close to the downtown of Ny\u00edregyh\u00e1za, in a quiet one-way street, a few steps from the Bencz\u00far Gyula t\u00e9r park. <br>In this park, you can find the Hedonist Restaurant, which offers excellent food, and the R\u00f3zsakert Open-Air Theater. The County Hall, the Town Hall, the Zsigmond M\u00f3ricz Theater, the Szent Atanaz College of Religion, Andr\u00e1s J\u00f3sa and the Greek Catholic Museum are all within a few minutes&#8217; walk.<\/p>\n\n<p>The guesthouse awaits its guests with 17 stylishly furnished, high-quality rooms. The rooms include 2 standard and 12 premium rooms, as well as 2 suites and 1 accessible room, so everyone can find an option that suits their needs. All rooms are equipped with air conditioning and a TV set with more than 200 channels. Each Premium room also has a large terrace.<\/p>\n\n<figure class=\"wp-block-gallery has-nested-images columns-1 is-cropped\"><\/figure>\n\t\t\t\t\t\t<\/div>\n\t\t\t\t<\/div>\n\t\t\t\t<\/div>\n\t\t\t\t\t<\/div>\n\t\t\t\t<\/div>\n\t\t<div class=\"elementor-element elementor-element-c61a5f9 e-flex e-con-boxed e-con e-parent\" data-id=\"c61a5f9\" data-element_type=\"container\" data-settings=\"{&quot;jet_parallax_layout_list&quot;:[]}\">\n\t\t\t\t\t<div class=\"e-con-inner\">\n\t\t\t\t<div class=\"elementor-element elementor-element-abb729b elementor-arrows-position-inside elementor-pagination-position-outside elementor-widget elementor-widget-image-carousel\" data-id=\"abb729b\" data-element_type=\"widget\" data-settings=\"{&quot;slides_to_show&quot;:&quot;1&quot;,&quot;navigation&quot;:&quot;both&quot;,&quot;autoplay&quot;:&quot;yes&quot;,&quot;pause_on_hover&quot;:&quot;yes&quot;,&quot;pause_on_interaction&quot;:&quot;yes&quot;,&quot;autoplay_speed&quot;:5000,&quot;infinite&quot;:&quot;yes&quot;,&quot;effect&quot;:&quot;slide&quot;,&quot;speed&quot;:500}\" data-widget_type=\"image-carousel.default\">\n\t\t\t\t<div class=\"elementor-widget-container\">\n\t\t\t<style>\/*! elementor - v3.23.0 - 05-08-2024 *\/\n.elementor-widget-image-carousel .swiper,.elementor-widget-image-carousel .swiper-container{position:static}.elementor-widget-image-carousel .swiper-container .swiper-slide figure,.elementor-widget-image-carousel .swiper .swiper-slide figure{line-height:inherit}.elementor-widget-image-carousel .swiper-slide{text-align:center}.elementor-image-carousel-wrapper:not(.swiper-container-initialized):not(.swiper-initialized) .swiper-slide{max-width:calc(100% \/ var(--e-image-carousel-slides-to-show, 3))}<\/style>\t\t<div class=\"elementor-image-carousel-wrapper swiper\" dir=\"ltr\">\n\t\t\t<div class=\"elementor-image-carousel swiper-wrapper\" aria-live=\"off\">\n\t\t\t\t\t\t\t\t<div class=\"swiper-slide\" role=\"group\" aria-roledescription=\"slide\" aria-label=\"1 of 5\"><a data-elementor-open-lightbox=\"yes\" data-elementor-lightbox-slideshow=\"abb729b\" data-elementor-lightbox-title=\"DJI_0014[1]\" data-e-action-hash=\"#elementor-action%3Aaction%3Dlightbox%26settings%3DeyJpZCI6ODAsInVybCI6Imh0dHBzOlwvXC9pa29uaWtzcGFwYW56aW8uaHVcL3dwLWNvbnRlbnRcL3VwbG9hZHNcLzIwMjRcLzA2XC9ESklfMDAxNDEtc2NhbGVkLmpwZyIsInNsaWRlc2hvdyI6ImFiYjcyOWIifQ%3D%3D\" href=\"https:\/\/ikonikspapanzio.hu\/wp-content\/uploads\/2024\/06\/DJI_00141-scaled.jpg\"><figure class=\"swiper-slide-inner\"><img decoding=\"async\" class=\"swiper-slide-image\" src=\"https:\/\/ikonikspapanzio.hu\/wp-content\/uploads\/2024\/06\/DJI_00141-768x432.jpg\" alt=\"DJI_0014[1]\" \/><\/figure><\/a><\/div><div class=\"swiper-slide\" role=\"group\" aria-roledescription=\"slide\" aria-label=\"2 of 5\"><a data-elementor-open-lightbox=\"yes\" data-elementor-lightbox-slideshow=\"abb729b\" data-elementor-lightbox-title=\"Ikonik_05\" data-e-action-hash=\"#elementor-action%3Aaction%3Dlightbox%26settings%3DeyJpZCI6MTMzLCJ1cmwiOiJodHRwczpcL1wvaWtvbmlrc3BhcGFuemlvLmh1XC93cC1jb250ZW50XC91cGxvYWRzXC8yMDI0XC8wNlwvSWtvbmlrXzA1LXNjYWxlZC5qcGVnIiwic2xpZGVzaG93IjoiYWJiNzI5YiJ9\" href=\"https:\/\/ikonikspapanzio.hu\/wp-content\/uploads\/2024\/06\/Ikonik_05-scaled.jpeg\"><figure class=\"swiper-slide-inner\"><img decoding=\"async\" class=\"swiper-slide-image\" src=\"https:\/\/ikonikspapanzio.hu\/wp-content\/uploads\/2024\/06\/Ikonik_05-768x512.jpeg\" alt=\"Ikonik_05\" \/><\/figure><\/a><\/div><div class=\"swiper-slide\" role=\"group\" aria-roledescription=\"slide\" aria-label=\"3 of 5\"><a data-elementor-open-lightbox=\"yes\" data-elementor-lightbox-slideshow=\"abb729b\" data-elementor-lightbox-title=\"Ikonik_04\" data-e-action-hash=\"#elementor-action%3Aaction%3Dlightbox%26settings%3DeyJpZCI6MTI0LCJ1cmwiOiJodHRwczpcL1wvaWtvbmlrc3BhcGFuemlvLmh1XC93cC1jb250ZW50XC91cGxvYWRzXC8yMDI0XC8wNlwvSWtvbmlrXzA0LXNjYWxlZC5qcGVnIiwic2xpZGVzaG93IjoiYWJiNzI5YiJ9\" href=\"https:\/\/ikonikspapanzio.hu\/wp-content\/uploads\/2024\/06\/Ikonik_04-scaled.jpeg\"><figure class=\"swiper-slide-inner\"><img decoding=\"async\" class=\"swiper-slide-image\" src=\"https:\/\/ikonikspapanzio.hu\/wp-content\/uploads\/2024\/06\/Ikonik_04-768x512.jpeg\" alt=\"Ikonik_04\" \/><\/figure><\/a><\/div><div class=\"swiper-slide\" role=\"group\" aria-roledescription=\"slide\" aria-label=\"4 of 5\"><a data-elementor-open-lightbox=\"yes\" data-elementor-lightbox-slideshow=\"abb729b\" data-elementor-lightbox-title=\"Ikonik_06\" data-e-action-hash=\"#elementor-action%3Aaction%3Dlightbox%26settings%3DeyJpZCI6MTM0LCJ1cmwiOiJodHRwczpcL1wvaWtvbmlrc3BhcGFuemlvLmh1XC93cC1jb250ZW50XC91cGxvYWRzXC8yMDI0XC8wNlwvSWtvbmlrXzA2LXNjYWxlZC5qcGVnIiwic2xpZGVzaG93IjoiYWJiNzI5YiJ9\" href=\"https:\/\/ikonikspapanzio.hu\/wp-content\/uploads\/2024\/06\/Ikonik_06-scaled.jpeg\"><figure class=\"swiper-slide-inner\"><img decoding=\"async\" class=\"swiper-slide-image\" src=\"https:\/\/ikonikspapanzio.hu\/wp-content\/uploads\/2024\/06\/Ikonik_06-768x512.jpeg\" alt=\"Ikonik_06\" \/><\/figure><\/a><\/div><div class=\"swiper-slide\" role=\"group\" aria-roledescription=\"slide\" aria-label=\"5 of 5\"><a data-elementor-open-lightbox=\"yes\" data-elementor-lightbox-slideshow=\"abb729b\" data-elementor-lightbox-title=\"509507225\" data-e-action-hash=\"#elementor-action%3Aaction%3Dlightbox%26settings%3DeyJpZCI6NzIsInVybCI6Imh0dHBzOlwvXC9pa29uaWtzcGFwYW56aW8uaHVcL3dwLWNvbnRlbnRcL3VwbG9hZHNcLzIwMjRcLzA1XC81MDk1MDcyMjUuanBnIiwic2xpZGVzaG93IjoiYWJiNzI5YiJ9\" href=\"https:\/\/ikonikspapanzio.hu\/wp-content\/uploads\/2024\/05\/509507225.jpg\"><figure class=\"swiper-slide-inner\"><img decoding=\"async\" class=\"swiper-slide-image\" src=\"https:\/\/ikonikspapanzio.hu\/wp-content\/uploads\/2024\/05\/509507225-768x480.jpg\" alt=\"509507225\" \/><\/figure><\/a><\/div>\t\t\t<\/div>\n\t\t\t\t\t\t\t\t\t\t\t\t<div class=\"elementor-swiper-button elementor-swiper-button-prev\" role=\"button\" tabindex=\"0\">\n\t\t\t\t\t\t<svg aria-hidden=\"true\" class=\"e-font-icon-svg e-eicon-chevron-left\" viewBox=\"0 0 1000 1000\" xmlns=\"http:\/\/www.w3.org\/2000\/svg\"><path d=\"M646 125C629 125 613 133 604 142L308 442C296 454 292 471 292 487 292 504 296 521 308 533L604 854C617 867 629 875 646 875 663 875 679 871 692 858 704 846 713 829 713 812 713 796 708 779 692 767L438 487 692 225C700 217 708 204 708 187 708 171 704 154 692 142 675 129 663 125 646 125Z\"><\/path><\/svg>\t\t\t\t\t<\/div>\n\t\t\t\t\t<div class=\"elementor-swiper-button elementor-swiper-button-next\" role=\"button\" tabindex=\"0\">\n\t\t\t\t\t\t<svg aria-hidden=\"true\" class=\"e-font-icon-svg e-eicon-chevron-right\" viewBox=\"0 0 1000 1000\" xmlns=\"http:\/\/www.w3.org\/2000\/svg\"><path d=\"M696 533C708 521 713 504 713 487 713 471 708 454 696 446L400 146C388 133 375 125 354 125 338 125 325 129 313 142 300 154 292 171 292 187 292 204 296 221 308 233L563 492 304 771C292 783 288 800 288 817 288 833 296 850 308 863 321 871 338 875 354 875 371 875 388 867 400 854L696 533Z\"><\/path><\/svg>\t\t\t\t\t<\/div>\n\t\t\t\t\n\t\t\t\t\t\t\t\t\t<div class=\"swiper-pagination\"><\/div>\n\t\t\t\t\t\t\t\t\t<\/div>\n\t\t\t\t<\/div>\n\t\t\t\t<\/div>\n\t\t\t\t\t<\/div>\n\t\t\t\t<\/div>\n\t\t\t\t<\/div>\n\t\t","protected":false},"excerpt":{"rendered":"<p>Traveling, getting to know new or unknown places and the people who live there is a very characteristic feature of human nature. The Ikonik Spa &amp; Guesthouse helps visitors feel safe and comfortable when they arrive at the seat of Szabolcs-Szatm\u00e1r-Bereg V\u00e1rmegye. The guesthouse got its name from the icon found in the ground at [&hellip;]<\/p>\n","protected":false},"author":1,"featured_media":0,"parent":0,"menu_order":0,"comment_status":"closed","ping_status":"closed","template":"","meta":{"footnotes":""},"class_list":["post-1062","page","type-page","status-publish","hentry"],"_links":{"self":[{"href":"https:\/\/ikonikspapanzio.hu\/en\/wp-json\/wp\/v2\/pages\/1062","targetHints":{"allow":["GET"]}}],"collection":[{"href":"https:\/\/ikonikspapanzio.hu\/en\/wp-json\/wp\/v2\/pages"}],"about":[{"href":"https:\/\/ikonikspapanzio.hu\/en\/wp-json\/wp\/v2\/types\/page"}],"author":[{"embeddable":true,"href":"https:\/\/ikonikspapanzio.hu\/en\/wp-json\/wp\/v2\/users\/1"}],"replies":[{"embeddable":true,"href":"https:\/\/ikonikspapanzio.hu\/en\/wp-json\/wp\/v2\/comments?post=1062"}],"version-history":[{"count":7,"href":"https:\/\/ikonikspapanzio.hu\/en\/wp-json\/wp\/v2\/pages\/1062\/revisions"}],"predecessor-version":[{"id":1272,"href":"https:\/\/ikonikspapanzio.hu\/en\/wp-json\/wp\/v2\/pages\/1062\/revisions\/1272"}],"wp:attachment":[{"href":"https:\/\/ikonikspapanzio.hu\/en\/wp-json\/wp\/v2\/media?parent=1062"}],"curies":[{"name":"wp","href":"https:\/\/api.w.org\/{rel}","templated":true}]}}